{"id":270,"date":"2016-04-19T06:31:34","date_gmt":"2016-04-19T04:31:34","guid":{"rendered":"http:\/\/test.baumonitoring-ev.de\/?page_id=270"},"modified":"2025-06-30T23:32:51","modified_gmt":"2025-06-30T22:32:51","slug":"impressum","status":"publish","type":"page","link":"https:\/\/www.baumonitoring-ev.de\/en\/impressum\/","title":{"rendered":"Impressum"},"content":{"rendered":"<p>[et_pb_section fb_built=&#8221;1&#8243; custom_padding_last_edited=&#8221;on|desktop&#8221; admin_label=&#8221;section&#8221; _builder_version=&#8221;4.16&#8243; background_color=&#8221;rgba(255,255,255,0.95)&#8221; background_image=&#8221;\/wp-content\/uploads\/2016\/04\/header-himmelblau.jpg&#8221; custom_padding_tablet=&#8221;50px|0|50px|0&#8243; custom_padding_phone=&#8221;&#8221; hover_enabled=&#8221;0&#8243; da_disable_devices=&#8221;off|off|off&#8221; transparent_background=&#8221;off&#8221; padding_mobile=&#8221;off&#8221; global_colors_info=&#8221;{}&#8221; sticky_enabled=&#8221;0&#8243; da_is_popup=&#8221;off&#8221; da_exit_intent=&#8221;off&#8221; da_has_close=&#8221;on&#8221; da_alt_close=&#8221;off&#8221; da_dark_close=&#8221;off&#8221; da_not_modal=&#8221;on&#8221; da_is_singular=&#8221;off&#8221; da_with_loader=&#8221;off&#8221; da_has_shadow=&#8221;on&#8221;][et_pb_row column_structure=&#8221;1_3,2_3&#8243; padding_mobile=&#8221;off&#8221; column_padding_mobile=&#8221;on&#8221; admin_label=&#8221;row&#8221; _builder_version=&#8221;4.16&#8243; background_color=&#8221;#ffffff&#8221; background_size=&#8221;initial&#8221; background_position=&#8221;top_left&#8221; background_repeat=&#8221;repeat&#8221; global_colors_info=&#8221;{}&#8221;][et_pb_column type=&#8221;1_3&#8243; _builder_version=&#8221;4.16&#8243; custom_padding=&#8221;|||&#8221; global_colors_info=&#8221;{}&#8221; custom_padding__hover=&#8221;|||&#8221;][et_pb_blurb title=&#8221;IMPRESSUM&#8221; _builder_version=&#8221;4.16&#8243; header_font=&#8221;|on|||&#8221; header_font_size=&#8221;20&#8243; body_font_size=&#8221;18&#8243; background_size=&#8221;initial&#8221; background_position=&#8221;top_left&#8221; background_repeat=&#8221;repeat&#8221; text_orientation=&#8221;right&#8221; custom_padding=&#8221;|||100px&#8221; use_border_color=&#8221;off&#8221; border_color=&#8221;#ffffff&#8221; border_style=&#8221;solid&#8221; global_colors_info=&#8221;{}&#8221;]<br \/>\n[\/et_pb_blurb][\/et_pb_column][et_pb_column type=&#8221;2_3&#8243; _builder_version=&#8221;4.16&#8243; custom_padding=&#8221;|||&#8221; global_colors_info=&#8221;{}&#8221; custom_padding__hover=&#8221;|||&#8221;][et_pb_text _builder_version=&#8221;4.27.4&#8243; _module_preset=&#8221;default&#8221; width=&#8221;1000px&#8221; content_en_gb=&#8221;<\/p>\n<p><strong>Registered office of the association:<\/strong><br \/>BauMonitoring e. V.<br \/>Feldafingerstra\u00dfe 8<br \/>81477 Munich<\/p>\n<p><strong>Hamburg office:<\/strong><br \/>BauMonitoring e.V.<br \/>Willy-Brandt-Stra\u00dfe 1<br \/>20457 Hamburg<\/p>\n<p><strong>Represented by:<\/strong><br \/>Daniel Hinz<br \/>Dr Steffen Hettler<br \/>David M. Lindner<br \/>Prof. Dr.-Ing. Gerd Maurer<\/p>\n<p><strong>Contact:<\/strong><br \/>E-mail: kontakt@baumonitoring-ev.de<\/p>\n<p><strong>Register entry:<\/strong><br \/>Entry in the register of associations.<br \/>Register court: Munich<br \/>Register number: VR 206608<\/p>\n<p><strong>Responsible for the content:<\/strong><br \/>Daniel Hinz<br \/>BauMonitoring e.V.<br \/>Willy-Brandt-Str.1<br \/>20457 Hamburg<\/p>\n<p><strong>Image sources:<\/strong><br \/>Event photos: www.patrickfrost.co.uk\/<br \/>en.123rf.com\/profile_everythingpossible<br \/>visualhunt.com<br \/>en.123rf.com\/profile_kasto<br \/>unsplash.com<br \/>en.123rf.com\/profile_maxoidos<br \/>en.123rf.com\/profile_tsyhun<\/p>\n<p>&#8221; global_colors_info=&#8221;{}&#8221;]<\/p>\n<p><strong>Sitz des Vereins:<\/strong><br \/>BauMonitoring e. V.<br \/>Feldafingerstra\u00dfe 8<br \/>81477 M\u00fcnchen<\/p>\n<p><strong>Gesch\u00e4ftsstelle Hamburg:<\/strong><br \/>BauMonitoring e.V.<br \/>Willy-Brandt-Stra\u00dfe 1<br \/>20457 Hamburg<\/p>\n<p><strong>Vertreten durch:<\/strong><br \/>Daniel Hinz<br \/>Dr. Steffen Hettler<br \/>David M. Lindner<br \/>Prof. Dr.-Ing. Gerd Maurer<\/p>\n<p><strong>Kontakt:<\/strong><br \/>E-Mail: <a href=\"mailto:kontakt@baumonitoring-ev.de\">kontakt@baumonitoring-ev.de<\/a><\/p>\n<p><strong>Registereintrag:<\/strong><br \/>Eintragung im Vereinsregister.<br \/>Registergericht: M\u00fcnchen<br \/>Registernummer: VR 206608<\/p>\n<p><strong>Verantwortlich f\u00fcr den Inhalt:<\/strong><br \/>Daniel Hinz<br \/>BauMonitoring e.V.<br \/>Willy-Brandt-Str.1<br \/>20457 Hamburg<\/p>\n<p><strong>Bildquellen:<\/strong><br \/>Eventfotos:\u00a0www.patrickfrost.co.uk\/<br \/>de.123rf.com\/profile_everythingpossible<br \/>visualhunt.com<br \/>de.123rf.com\/profile_kasto<br \/>unsplash.com<br \/>de.123rf.com\/profile_maxoidos<br \/>de.123rf.com\/profile_tsyhun<\/p>\n<p>[\/et_pb_text][et_pb_blurb disabled_on=&#8221;on|on|on&#8221; admin_label=&#8221;Impressumstext&#8221; _builder_version=&#8221;4.27.4&#8243; background_size=&#8221;initial&#8221; background_position=&#8221;top_left&#8221; background_repeat=&#8221;repeat&#8221; use_border_color=&#8221;off&#8221; border_color=&#8221;#ffffff&#8221; border_style=&#8221;solid&#8221; disabled=&#8221;on&#8221; global_colors_info=&#8221;{}&#8221;]<\/p>\n<p><strong>Sitz des Vereins:<\/strong><br \/>BauMonitoring e. V.<br \/>Feldafingerstra\u00dfe 8<br \/>81477 M\u00fcnchen<\/p>\n<p><strong>Gesch\u00e4ftsstelle Hamburg:<\/strong><br \/>BauMonitoring e.V.<br \/>Willy-Brandt-Stra\u00dfe 1<br \/>20457 Hamburg<\/p>\n<p><strong style=\"line-height: 1.7em;\">Vertreten durch:<br \/><\/strong>Daniel Hinz<br \/>Dr. Steffen Hettler<br \/>David M. Lindner<br \/>Prof. Dr.-Ing. Gerd Maurer<\/p>\n<p><strong>Kontakt:<br \/><\/strong>E-Mail: <a href=\"mailto:kontakt@baumonitoring-ev.de\">kontakt@baumonitoring-ev.de<\/a><\/p>\n<p><strong>Registereintrag:<br \/><\/strong>Eintragung im Vereinsregister.<br \/>Registergericht: M\u00fcnchen<br \/>Registernummer: VR 206608<\/p>\n<p class=\"p1\"><strong>Verantwortlich f\u00fcr den Inhalt:<\/strong><br \/>Daniel Hinz, BauMonitoring e.V., Willy-Brandt-Str.1, 20457 Hamburg<\/p>\n<p><strong>Bildquellen:<br \/><\/strong>Eventfotos:\u00a0www.patrickfrost.co.uk\/<strong><br \/><\/strong>de.123rf.com\/profile_everythingpossible<br \/>visualhunt.com<br \/>de.123rf.com\/profile_kasto<br \/>unsplash.com<br \/>de.123rf.com\/profile_maxoidos<br \/>de.123rf.com\/profile_tsyhun<\/p>\n<p>[\/et_pb_blurb][\/et_pb_column][\/et_pb_row][\/et_pb_section]<\/p>\n<span class=\"et_bloom_bottom_trigger\"><\/span>","protected":false},"excerpt":{"rendered":"<p>Sitz des Vereins:BauMonitoring e. V.Feldafingerstra\u00dfe 881477 M\u00fcnchen Gesch\u00e4ftsstelle Hamburg:BauMonitoring e.V.Willy-Brandt-Stra\u00dfe 120457 Hamburg Vertreten durch:Daniel HinzDr. Steffen HettlerDavid M. LindnerProf. Dr.-Ing. Gerd Maurer Kontakt:E-Mail: kontakt@baumonitoring-ev.de Registereintrag:Eintragung im Vereinsregister.Registergericht: M\u00fcnchenRegisternummer: VR 206608 Verantwortlich f\u00fcr den Inhalt:Daniel HinzBauMonitoring e.V.Willy-Brandt-Str.120457 Hamburg Bildquellen:Eventfotos:\u00a0www.patrickfrost.co.uk\/de.123rf.com\/profile_everythingpossiblevisualhunt.comde.123rf.com\/profile_kastounsplash.comde.123rf.com\/profile_maxoidosde.123rf.com\/profile_tsyhunSitz des Vereins:BauMonitoring e. V.Feldafingerstra\u00dfe 881477 M\u00fcnchen Gesch\u00e4ftsstelle Hamburg:BauMonitoring e.V.Willy-Brandt-Stra\u00dfe 120457 Hamburg Vertreten durch:Daniel HinzDr. Steffen HettlerDavid M. [&hellip;]<\/p>\n","protected":false},"author":1,"featured_media":0,"parent":0,"menu_order":0,"comment_status":"closed","ping_status":"closed","template":"","meta":{"_et_pb_use_builder":"on","_et_pb_old_content":"","_et_gb_content_width":"","inline_featured_image":false,"footnotes":""},"class_list":["post-270","page","type-page","status-publish","hentry"],"_links":{"self":[{"href":"https:\/\/www.baumonitoring-ev.de\/en\/wp-json\/wp\/v2\/pages\/270","targetHints":{"allow":["GET"]}}],"collection":[{"href":"https:\/\/www.baumonitoring-ev.de\/en\/wp-json\/wp\/v2\/pages"}],"about":[{"href":"https:\/\/www.baumonitoring-ev.de\/en\/wp-json\/wp\/v2\/types\/page"}],"author":[{"embeddable":true,"href":"https:\/\/www.baumonitoring-ev.de\/en\/wp-json\/wp\/v2\/users\/1"}],"replies":[{"embeddable":true,"href":"https:\/\/www.baumonitoring-ev.de\/en\/wp-json\/wp\/v2\/comments?post=270"}],"version-history":[{"count":17,"href":"https:\/\/www.baumonitoring-ev.de\/en\/wp-json\/wp\/v2\/pages\/270\/revisions"}],"predecessor-version":[{"id":3813,"href":"https:\/\/www.baumonitoring-ev.de\/en\/wp-json\/wp\/v2\/pages\/270\/revisions\/3813"}],"wp:attachment":[{"href":"https:\/\/www.baumonitoring-ev.de\/en\/wp-json\/wp\/v2\/media?parent=270"}],"curies":[{"name":"wp","href":"https:\/\/api.w.org\/{rel}","templated":true}]}}